{"id":10,"date":"2026-03-29T15:31:19","date_gmt":"2026-03-29T15:31:19","guid":{"rendered":"http:\/\/inenglishpleaseveronique.com\/?page_id=10"},"modified":"2026-03-29T18:59:31","modified_gmt":"2026-03-29T18:59:31","slug":"my-melody","status":"publish","type":"page","link":"https:\/\/inenglishpleaseveronique.com\/?page_id=10","title":{"rendered":"My Melody"},"content":{"rendered":"\n<h2 class=\"wp-block-heading\">Un spectacle musical et interactif en anglais<\/h2>\n\n\n\n<figure class=\"wp-block-gallery has-nested-images columns-default is-cropped wp-block-gallery-1 is-layout-flex wp-block-gallery-is-layout-flex\">\n<figure class=\"wp-block-image size-large\"><img loading=\"lazy\" decoding=\"async\" width=\"1024\" height=\"1024\" data-id=\"48\" src=\"http:\/\/inenglishpleaseveronique.com\/wp-content\/uploads\/2026\/03\/dessin-plaquette-WEB-detoure-1024x1024.png\" alt=\"\" class=\"wp-image-48\" srcset=\"https:\/\/inenglishpleaseveronique.com\/wp-content\/uploads\/2026\/03\/dessin-plaquette-WEB-detoure-1024x1024.png 1024w, https:\/\/inenglishpleaseveronique.com\/wp-content\/uploads\/2026\/03\/dessin-plaquette-WEB-detoure-300x300.png 300w, https:\/\/inenglishpleaseveronique.com\/wp-content\/uploads\/2026\/03\/dessin-plaquette-WEB-detoure-150x150.png 150w, https:\/\/inenglishpleaseveronique.com\/wp-content\/uploads\/2026\/03\/dessin-plaquette-WEB-detoure-768x768.png 768w, https:\/\/inenglishpleaseveronique.com\/wp-content\/uploads\/2026\/03\/dessin-plaquette-WEB-detoure-1536x1536.png 1536w, https:\/\/inenglishpleaseveronique.com\/wp-content\/uploads\/2026\/03\/dessin-plaquette-WEB-detoure.png 1754w\" sizes=\"auto, (max-width: 1024px) 100vw, 1024px\" \/><\/figure>\n\n\n\n<figure class=\"wp-block-image size-large\"><img loading=\"lazy\" decoding=\"async\" width=\"1017\" height=\"768\" data-id=\"49\" src=\"http:\/\/inenglishpleaseveronique.com\/wp-content\/uploads\/2026\/03\/FB_IMG_1601139720650.jpg\" alt=\"\" class=\"wp-image-49\" srcset=\"https:\/\/inenglishpleaseveronique.com\/wp-content\/uploads\/2026\/03\/FB_IMG_1601139720650.jpg 1017w, https:\/\/inenglishpleaseveronique.com\/wp-content\/uploads\/2026\/03\/FB_IMG_1601139720650-300x227.jpg 300w, https:\/\/inenglishpleaseveronique.com\/wp-content\/uploads\/2026\/03\/FB_IMG_1601139720650-768x580.jpg 768w\" sizes=\"auto, (max-width: 1017px) 100vw, 1017px\" \/><\/figure>\n\n\n\n<figure class=\"wp-block-image size-large\"><img loading=\"lazy\" decoding=\"async\" width=\"1024\" height=\"683\" data-id=\"47\" src=\"http:\/\/inenglishpleaseveronique.com\/wp-content\/uploads\/2026\/03\/365170844_592453603051904_8840878348994242933_n-1024x683.jpg\" alt=\"\" class=\"wp-image-47\" srcset=\"https:\/\/inenglishpleaseveronique.com\/wp-content\/uploads\/2026\/03\/365170844_592453603051904_8840878348994242933_n-1024x683.jpg 1024w, https:\/\/inenglishpleaseveronique.com\/wp-content\/uploads\/2026\/03\/365170844_592453603051904_8840878348994242933_n-300x200.jpg 300w, https:\/\/inenglishpleaseveronique.com\/wp-content\/uploads\/2026\/03\/365170844_592453603051904_8840878348994242933_n-768x512.jpg 768w, https:\/\/inenglishpleaseveronique.com\/wp-content\/uploads\/2026\/03\/365170844_592453603051904_8840878348994242933_n-1536x1024.jpg 1536w, https:\/\/inenglishpleaseveronique.com\/wp-content\/uploads\/2026\/03\/365170844_592453603051904_8840878348994242933_n.jpg 2048w\" sizes=\"auto, (max-width: 1024px) 100vw, 1024px\" \/><\/figure>\n<\/figure>\n\n\n\n<p>My Melody est un spectacle musical interactif en anglais destin\u00e9 aux enfants d\u00e8s l\u2019\u00e2ge de 3 ans jusqu\u2019\u00e0 la fin du primaire. Port\u00e9 par un personnage attachant, Rosy, et sa marionnette Melody, ce spectacle invite le public \u00e0 chanter, r\u00e9p\u00e9ter des ritournelles en anglais et participer \u00e0 des jeux rythmiques et musicaux dans une ambiance chaleureuse et ludique.<\/p>\n\n\n\n<p>Les enfants d\u00e9couvrent diff\u00e9rents styles musicaux (jazz, blues, tango, musiques du monde), explorent les sonorit\u00e9s de l\u2019anglais et s\u2019approprient le langage \u00e0 travers le jeu. My Melody est un moment de po\u00e9sie, de rire et de partage, parfaitement accessible m\u00eame \u00e0 ceux qui n\u2019ont jamais \u00e9tudi\u00e9 l\u2019anglais.<\/p>\n\n\n\n<p><strong>Public :<\/strong> 3\u201310 ans<br><strong>Formats :<\/strong> \u00c9coles maternelles &amp; \u00e9l\u00e9mentaires, m\u00e9diath\u00e8ques, festivals<br><strong>Objectifs p\u00e9dagogiques :<\/strong> \u00e9veil \u00e0 l\u2019anglais, participation active, \u00e9coute musicale<\/p>\n\n\n\n<figure class=\"wp-block-embed is-type-video is-provider-youtube wp-block-embed-youtube wp-embed-aspect-16-9 wp-has-aspect-ratio\"><div class=\"wp-block-embed__wrapper\">\n<iframe loading=\"lazy\" title=\"Spectacle pour enfants en anglais My Melody\" width=\"640\" height=\"360\" src=\"https:\/\/www.youtube.com\/embed\/2NaIqSBUmSk?feature=oembed\" frameborder=\"0\" allow=\"accelerometer; autoplay; clipboard-write; encrypted-media; gyroscope; picture-in-picture; web-share\" referrerpolicy=\"strict-origin-when-cross-origin\" allowfullscreen><\/iframe>\n<\/div><\/figure>\n\n\n\n<p>Cr\u00e9ation textes, paroles et costumes : V\u00e9ronique Huet Bonnaudet<\/p>\n\n\n\n<p>Musique cr\u00e9\u00e9e et enregistr\u00e9e par <a href=\"https:\/\/www.facebook.com\/pierrot.guitarrasnipa\">Pierre L\u00e9collier <\/a><\/p>\n\n\n\n<p>Mise en sc\u00e8ne de Pauline R\u00e9ant<\/p>\n\n\n\n<p>Dessins: Ang\u00e9lique Barr\u00e9&nbsp;<a href=\"https:\/\/www.facebook.com\/profile.php?id=100077367044083&amp;__cft__[0]=AZVxHt2gK-bq5LpOZbBS4wGfHGR5T6gswxySMmatYY7Na--uVbxrug7sJMTUobmL9UoEzzMcQRtbYDsgLNYwC38LAgnQpMz3CWs8HKmtG0bhw7EUJT8RvBOUl5yhMczMU1iXlaBLtcosyIMzkcFYfZuvRNKV1cPJysNc6Ps34b7o2lpVbalAnX7Gg-iuST8Hd8A&amp;__tn__=-UC%2CP-R\" target=\"_blank\" rel=\"noreferrer noopener\">L&#8217;atelier Karavane<\/a><\/p>\n\n\n\n<p>Audios<\/p>\n\n\n\n<h2 class=\"wp-block-heading\">Audios<\/h2>\n\n\n\n<ul class=\"wp-block-list\">\n<li>Knock knock knock <\/li>\n\n\n\n<li>The rainbow song<\/li>\n\n\n\n<li>The blues song<\/li>\n<\/ul>\n\n\n\n<figure class=\"wp-block-audio\"><audio controls src=\"http:\/\/inenglishpleaseveronique.com\/wp-content\/uploads\/2026\/03\/Knock-Knock-Knock.mp3\"><\/audio><figcaption class=\"wp-element-caption\">Knock Knock Knock<\/figcaption><\/figure>\n\n\n\n<figure class=\"wp-block-audio\"><audio controls src=\"http:\/\/inenglishpleaseveronique.com\/wp-content\/uploads\/2026\/03\/The-Rainbow-Song.mp3\"><\/audio><figcaption class=\"wp-element-caption\">The Rainbow Song<\/figcaption><\/figure>\n\n\n\n<figure class=\"wp-block-audio\"><audio controls src=\"http:\/\/inenglishpleaseveronique.com\/wp-content\/uploads\/2026\/03\/The-Blues-Song.mp3\"><\/audio><figcaption class=\"wp-element-caption\">The Blues Song<\/figcaption><\/figure>\n\n\n\n<h2 class=\"wp-block-heading\">Synopsis<\/h2>\n\n\n\n<p>Rosy, le principal vous pr\u00e9sente sa marionnette, Melody. Rosy cherche \u00e0 lui faire plaisir et vous invite \u00e0 participer, r\u00e9p\u00e9ter et vous impr\u00e9gner de ritournelles en anglais, de jeux rythmiques et musicaux qui font de ce spectacle un monde vivant.<\/p>\n\n\n\n<p>De chansons enfantines \u00e0 la d\u00e9couverte de styles musicaux, les pr\u00e9sentations sont vari\u00e9es. Rosy joue divers instruments et vous fait d\u00e9couvrir tour \u00e0 tour le jazz, la musique irlandaise, le tango ou encore le blues.<\/p>\n\n\n\n<h2 class=\"wp-block-heading\">T\u00e9moignages<\/h2>\n\n\n\n<p><em>&#8220;Une bulle de joie dans notre \u00e9cole en ce mois de mars 2025 : V\u00e9ronique s&#8217;installe tr\u00e8s discr\u00e8tement, sa pr\u00e9sence d\u00e9j\u00e0 est un apaisement, puis le spectacle commence, et on d\u00e9couvre un com\u00e9dienne musicienne pleine d&#8217;humour, de douceur et de peps. Nos \u00e9l\u00e8ves de maternelle ont \u00e9t\u00e9 conquis d\u00e8s la premi\u00e8re minute et se sont laiss\u00e9s embarquer dans l&#8217;histoire de Melody, malgr\u00e9 l&#8217;anglais ! V\u00e9ronique sait sentir son public et apporter du dynamisme et aussi du calme par petites touches quand il le faut. Beaucoup de rire et de po\u00e9sie, et en plus un bon moment musical, le tout en anglais, du 4 en 1 !<\/em><\/p>\n\n\n\n<p><em>En classe, apr\u00e8s le spectacle, gr\u00e2ce au livre offert, j&#8217;ai pu v\u00e9rifier que les \u00e9l\u00e8ves avaient compris toute l&#8217;histoire, et surtout \u00e0 quel point ils s&#8217;\u00e9taient r\u00e9gal\u00e9s (et nous aussi, les enseignantes!). Un spectacle inoubliable!&#8221;<\/em><\/p>\n\n\n\n<h2 class=\"wp-block-heading\">Dates<\/h2>\n\n\n\n<p><strong>\u200b2025:&nbsp;Canteleu 76, Bourth 27, Tilly sur seulle 14, Radepont<\/strong><\/p>\n\n\n\n<p><strong>Mont Saint Aignan 76&nbsp;<\/strong><\/p>\n\n\n\n<p>ADAGE eure 27 : Bosroumois, Menneval, Mesnil en Ouchen&nbsp;<\/p>\n\n\n\n<p>Evreux Bois Bohy, Aulnay sur Iton, Jouy sur Eure, Vexin sur Epte<\/p>\n\n\n\n<p>Cheronvilliers, Chennebrun<\/p>\n\n\n\n<p>\u200b<strong>2024<\/strong><\/p>\n\n\n\n<p><strong>Dinard opening&nbsp;<\/strong>2024, M\u00e9diath\u00e8que de l&#8217;Ourse<\/p>\n\n\n\n<p>juin: Ecole de Bosrobert, 27<\/p>\n\n\n\n<p>6 avril 2024 :&nbsp;<strong>M\u00e9diath\u00e8que<\/strong>&nbsp;de Barentin<\/p>\n\n\n\n<p>F\u00e9vrier 2024 Ecoles de Vernon, Bois Arnault et<\/p>\n\n\n\n<p>Beaumtont le Roger dans le cadre de&nbsp;<strong>ADAGE<\/strong><\/p>\n\n\n\n<p>d\u00e9cembre: Sivos de Longueil 76<\/p>\n\n\n\n<p><strong>2023<\/strong>&nbsp;M\u00e9diath\u00e8que de Beuzeville<\/p>\n\n\n\n<p>2 ao\u00fbt: festival Dinard, m\u00e9diath\u00e8que de l&#8217;Ourse<\/p>\n\n\n\n<p>4 juillet: Neuville sur Authou<\/p>\n\n\n\n<p>25 juin: Ouverture du&nbsp;<strong>festival&nbsp;<\/strong>bulles d&#8217;\u00e9t\u00e9 Verneuil sur Avre<\/p>\n\n\n\n<p>mai: \u00e9cole de Capelle les Grands<\/p>\n\n\n\n<p>janvier&nbsp;&nbsp;<strong>2023&nbsp;<\/strong>:&nbsp; CDC de l&#8217;Aigle 61 (\u00e9coles)<\/p>\n\n\n\n<p>mars 23: M\u00e9diath\u00e8que de Serquigny 27<\/p>\n\n\n\n<p>Ecole de Cl\u00e9villiers 28<\/p>\n\n\n\n<p>d\u00e9cembre 22: Ecole de St Etienne l&#8217;Allier<\/p>\n\n\n\n<p>octobre 2022: M\u00e9diath\u00e8que de Tourville la Rivi\u00e8re<\/p>\n\n\n\n<p>St S\u00e9bastien de Morsant. M\u00e9diath\u00e8que<\/p>\n\n\n\n<p>Juin<strong>&nbsp;2022<\/strong>&nbsp;: &nbsp;St Aubin de Scellon (\u00e9cole) , RPAM de Conches en Ouche<\/p>\n\n\n\n<p><strong>2022 : &nbsp;<\/strong>Barneville sur Seine (\u00e9cole),&nbsp;St Georges du Vi\u00e8vre (\u00e9cole), Rugles, Morainville Jouveaux(\u00e9cole)<\/p>\n\n\n\n<p>&nbsp;<strong>2021<\/strong>: Ecoles de St Germain la Campagne (27); La Gu\u00e9roulde (27); Bosgouet (27); Landep\u00e9reuse (27); Centre de Loisirs de Thiberville; Centre de loisirs de Sylvain les Moulins;&nbsp;&nbsp;Ecole de Francheville 27;&nbsp;&nbsp;Ecole de Cormeilles (27);&nbsp;&nbsp;Rams de Bernay Terre de Normandie au Diapason \u00e0 Bernay; &nbsp;Ram de Lieuvin Pays d&#8217;Auge \u00e0 Thiberville;<\/p>\n\n\n\n<p><strong>2020<\/strong>= Centre de Loisirs de Mesnil en Ouche (27) ; Centre de loisirs de Claville 27; Centre de loisirs de Conches en Ouche; M\u00e9diath\u00e8que de Mesnil en Ouche septembre 2020<\/p>\n\n\n\n<div data-wp-interactive=\"core\/file\" class=\"wp-block-file\"><object data-wp-bind--hidden=\"!state.hasPdfPreview\" hidden class=\"wp-block-file__embed\" data=\"http:\/\/inenglishpleaseveronique.com\/wp-content\/uploads\/2026\/03\/Livret-pedagogique-mai-21.pdf\" type=\"application\/pdf\" style=\"width:100%;height:600px\" aria-label=\"Embed of Livret p\u00e9dagogique mai 21.\"><\/object><a id=\"wp-block-file--media-7b9f708f-10d4-4713-82d4-1c38ae2f1843\" href=\"http:\/\/inenglishpleaseveronique.com\/wp-content\/uploads\/2026\/03\/Livret-pedagogique-mai-21.pdf\">Livret p\u00e9dagogique mai 21<\/a><a href=\"http:\/\/inenglishpleaseveronique.com\/wp-content\/uploads\/2026\/03\/Livret-pedagogique-mai-21.pdf\" class=\"wp-block-file__button wp-element-button\" download aria-describedby=\"wp-block-file--media-7b9f708f-10d4-4713-82d4-1c38ae2f1843\">Download<\/a><\/div>\n\n\n\n<div data-wp-interactive=\"core\/file\" class=\"wp-block-file\"><object data-wp-bind--hidden=\"!state.hasPdfPreview\" hidden class=\"wp-block-file__embed\" data=\"http:\/\/inenglishpleaseveronique.com\/wp-content\/uploads\/2026\/03\/Fiche-technique-Melody-2026.pdf\" type=\"application\/pdf\" style=\"width:100%;height:600px\" aria-label=\"Embed of Fiche technique Melody 2026.\"><\/object><a id=\"wp-block-file--media-5f1d5b20-1c65-45a6-857e-e0613c89d327\" href=\"http:\/\/inenglishpleaseveronique.com\/wp-content\/uploads\/2026\/03\/Fiche-technique-Melody-2026.pdf\">Fiche technique Melody 2026<\/a><a href=\"http:\/\/inenglishpleaseveronique.com\/wp-content\/uploads\/2026\/03\/Fiche-technique-Melody-2026.pdf\" class=\"wp-block-file__button wp-element-button\" download aria-describedby=\"wp-block-file--media-5f1d5b20-1c65-45a6-857e-e0613c89d327\">Download<\/a><\/div>\n","protected":false},"excerpt":{"rendered":"<p>Un spectacle musical et interactif en anglais My Melody est un spectacle musical interactif en anglais destin\u00e9 aux enfants d\u00e8s l\u2019\u00e2ge de 3 ans jusqu\u2019\u00e0 la fin du primaire. Port\u00e9&hellip;<\/p>\n","protected":false},"author":1,"featured_media":0,"parent":0,"menu_order":0,"comment_status":"closed","ping_status":"closed","template":"","meta":{"footnotes":""},"class_list":["post-10","page","type-page","status-publish","hentry"],"_links":{"self":[{"href":"https:\/\/inenglishpleaseveronique.com\/index.php?rest_route=\/wp\/v2\/pages\/10","targetHints":{"allow":["GET"]}}],"collection":[{"href":"https:\/\/inenglishpleaseveronique.com\/index.php?rest_route=\/wp\/v2\/pages"}],"about":[{"href":"https:\/\/inenglishpleaseveronique.com\/index.php?rest_route=\/wp\/v2\/types\/page"}],"author":[{"embeddable":true,"href":"https:\/\/inenglishpleaseveronique.com\/index.php?rest_route=\/wp\/v2\/users\/1"}],"replies":[{"embeddable":true,"href":"https:\/\/inenglishpleaseveronique.com\/index.php?rest_route=%2Fwp%2Fv2%2Fcomments&post=10"}],"version-history":[{"count":4,"href":"https:\/\/inenglishpleaseveronique.com\/index.php?rest_route=\/wp\/v2\/pages\/10\/revisions"}],"predecessor-version":[{"id":83,"href":"https:\/\/inenglishpleaseveronique.com\/index.php?rest_route=\/wp\/v2\/pages\/10\/revisions\/83"}],"wp:attachment":[{"href":"https:\/\/inenglishpleaseveronique.com\/index.php?rest_route=%2Fwp%2Fv2%2Fmedia&parent=10"}],"curies":[{"name":"wp","href":"https:\/\/api.w.org\/{rel}","templated":true}]}}