{"id":13,"date":"2026-03-29T15:31:19","date_gmt":"2026-03-29T15:31:19","guid":{"rendered":"http:\/\/inenglishpleaseveronique.com\/?page_id=13"},"modified":"2026-03-29T19:27:26","modified_gmt":"2026-03-29T19:27:26","slug":"mediation-culturelle","status":"publish","type":"page","link":"https:\/\/inenglishpleaseveronique.com\/?page_id=13","title":{"rendered":"M\u00e9diation culturelle"},"content":{"rendered":"\n<h2 class=\"wp-block-heading has-large-font-size\">M\u00e9diation culturelle autour des spectacles<\/h2>\n\n\n\n<p>V\u00e9ronique propose des activit\u00e9s de m\u00e9diation culturelle en lien avec ses spectacles en anglais. Ces ateliers interactifs s\u2019adressent aux structures \u00e9ducatives, m\u00e9diath\u00e8ques, \u00e9coles et centres culturels qui souhaitent prolonger l\u2019exp\u00e9rience artistique.<\/p>\n\n\n\n<p>Les ateliers de m\u00e9diation encouragent la participation des enfants \u00e0 travers :<\/p>\n\n\n\n<ul class=\"wp-block-list\">\n<li>jeux de langues et chants<\/li>\n\n\n\n<li>manipulations d\u2019objets p\u00e9dagogiques<\/li>\n\n\n\n<li>s\u00e9ances de lecture anim\u00e9e<\/li>\n\n\n\n<li>ateliers musicaux autour des th\u00e8mes des spectacles<\/li>\n<\/ul>\n\n\n\n<p>Chaque atelier est con\u00e7u pour stimuler la communication orale en anglais, d\u00e9velopper la confiance en soi et favoriser les \u00e9changes entre enfants et intervenants.<\/p>\n\n\n\n<h2 class=\"wp-block-heading has-large-font-size\">D\u00e9couvrez l&#8217;anglais autrement<\/h2>\n\n\n\n<figure class=\"wp-block-embed is-type-video is-provider-youtube wp-block-embed-youtube wp-embed-aspect-16-9 wp-has-aspect-ratio\"><div class=\"wp-block-embed__wrapper\">\n<iframe loading=\"lazy\" title=\"In English Please activities Diaporama\" width=\"640\" height=\"360\" src=\"https:\/\/www.youtube.com\/embed\/OEPP8wdgXpE?feature=oembed\" frameborder=\"0\" allow=\"accelerometer; autoplay; clipboard-write; encrypted-media; gyroscope; picture-in-picture; web-share\" referrerpolicy=\"strict-origin-when-cross-origin\" allowfullscreen><\/iframe>\n<\/div><\/figure>\n\n\n\n<h2 class=\"wp-block-heading has-large-font-size\">Baby English<\/h2>\n\n\n\n<p><strong>Le Baby English\u00a0<\/strong>s&#8217;adresse principalement aux Relais Assistantes Maternelles et autres lieux d&#8217;accueil de la petite enfance.<\/p>\n\n\n\n<figure class=\"wp-block-gallery has-nested-images columns-default is-cropped wp-block-gallery-1 is-layout-flex wp-block-gallery-is-layout-flex\">\n<figure class=\"wp-block-image size-large is-style-rounded\"><img loading=\"lazy\" decoding=\"async\" width=\"768\" height=\"1024\" data-id=\"50\" src=\"http:\/\/inenglishpleaseveronique.com\/wp-content\/uploads\/2026\/03\/Fluffly-768x1024.jpg\" alt=\"\" class=\"wp-image-50\" srcset=\"https:\/\/inenglishpleaseveronique.com\/wp-content\/uploads\/2026\/03\/Fluffly-768x1024.jpg 768w, https:\/\/inenglishpleaseveronique.com\/wp-content\/uploads\/2026\/03\/Fluffly-225x300.jpg 225w, https:\/\/inenglishpleaseveronique.com\/wp-content\/uploads\/2026\/03\/Fluffly-1152x1536.jpg 1152w, https:\/\/inenglishpleaseveronique.com\/wp-content\/uploads\/2026\/03\/Fluffly-1536x2048.jpg 1536w, https:\/\/inenglishpleaseveronique.com\/wp-content\/uploads\/2026\/03\/Fluffly-scaled.jpg 1920w\" sizes=\"auto, (max-width: 768px) 100vw, 768px\" \/><\/figure>\n\n\n\n<figure class=\"wp-block-image size-large is-style-rounded\"><img loading=\"lazy\" decoding=\"async\" width=\"736\" height=\"1000\" data-id=\"40\" src=\"http:\/\/inenglishpleaseveronique.com\/wp-content\/uploads\/2026\/03\/570069625_10231449330438213_4275204772855397440_n.jpg\" alt=\"\" class=\"wp-image-40\" srcset=\"https:\/\/inenglishpleaseveronique.com\/wp-content\/uploads\/2026\/03\/570069625_10231449330438213_4275204772855397440_n.jpg 736w, https:\/\/inenglishpleaseveronique.com\/wp-content\/uploads\/2026\/03\/570069625_10231449330438213_4275204772855397440_n-221x300.jpg 221w\" sizes=\"auto, (max-width: 736px) 100vw, 736px\" \/><\/figure>\n\n\n\n<figure class=\"wp-block-image size-large is-style-rounded\"><img loading=\"lazy\" decoding=\"async\" width=\"1024\" height=\"768\" data-id=\"61\" src=\"http:\/\/inenglishpleaseveronique.com\/wp-content\/uploads\/2026\/03\/DSCN0478-1024x768.jpg\" alt=\"\" class=\"wp-image-61\" srcset=\"https:\/\/inenglishpleaseveronique.com\/wp-content\/uploads\/2026\/03\/DSCN0478-1024x768.jpg 1024w, https:\/\/inenglishpleaseveronique.com\/wp-content\/uploads\/2026\/03\/DSCN0478-300x225.jpg 300w, https:\/\/inenglishpleaseveronique.com\/wp-content\/uploads\/2026\/03\/DSCN0478-768x576.jpg 768w, https:\/\/inenglishpleaseveronique.com\/wp-content\/uploads\/2026\/03\/DSCN0478-1536x1152.jpg 1536w, https:\/\/inenglishpleaseveronique.com\/wp-content\/uploads\/2026\/03\/DSCN0478-2048x1536.jpg 2048w\" sizes=\"auto, (max-width: 1024px) 100vw, 1024px\" \/><\/figure>\n<\/figure>\n\n\n\n<p>Voici la mascotte, Fluffy!<\/p>\n\n\n\n<p>\u200b<\/p>\n\n\n\n<p>Gr\u00e2ce \u00e0 une approche ludique et accessoiris\u00e9e, les enfants per\u00e7oivent la musicalit\u00e9 de la langue et s&#8217;\u00e9veillent d\u00e8s le plus jeunes aux sonorit\u00e9s anglaises<\/p>\n\n\n\n<p>Les ateliers sont rythm\u00e9s autour de chansons, de manipulation d&#8217;objets, de jeux de doigts, jeux dans\u00e9s et lecture d&#8217;albums.<\/p>\n\n\n\n<p>La mascotte permet d&#8217;introduire des \u00e9l\u00e9ments du quotidien qui parlent aux tout-petits : le repas, le bain&#8230; et des th\u00e8mes vari\u00e9s sont abord\u00e9s tel que les animaux de la ferme ou le zoo.<\/p>\n\n\n\n<p>Les adultes participent volontiers pour accompagner les enfants dans les gestuelles des chansons et les rituels pour faire de cet atelier un moment vivant et convivial, de joie et de partage.<\/p>\n\n\n\n<p><strong>Participation des RAM de Mesnil en Ouche, Conches en Ouche, Verneuil sur avre<\/strong><\/p>\n\n\n\n<p>\u200b<\/p>\n\n\n\n<h2 class=\"wp-block-heading has-large-font-size\">Ateliers primaires<\/h2>\n\n\n\n<figure class=\"wp-block-image\"><img decoding=\"async\" src=\"http:\/\/inenglishpleaseveronique.files.wordpress.com\/2026\/02\/6dd1e-a12106_67b9668f06bf4e2f9a92136e2e8a4ce9mv2.jpg\" alt=\"\"\/><\/figure>\n\n\n\n<ul class=\"wp-block-list\">\n<li>Ateliers p\u00e9riscolaires<\/li>\n\n\n\n<li>Club enfants<\/li>\n\n\n\n<li>Animations en m\u00e9diath\u00e8que&nbsp;<\/li>\n\n\n\n<li>Ecoles maternelles et \u00e9l\u00e9mentaires<\/li>\n\n\n\n<li>Ludoth\u00e8que<\/li>\n<\/ul>\n\n\n\n<p>Les ateliers permettent d&#8217;aborder l&#8217;anglais de mani\u00e8re ludique et th\u00e9\u00e2tralis\u00e9e dans le but de favoriser la communication orale et de cr\u00e9er un climat de confiance.<\/p>\n\n\n\n<p>Selon les lieux et objectifs, les th\u00e8mes abord\u00e9s peuvent \u00eatre initi\u00e9s par<\/p>\n\n\n\n<ul class=\"wp-block-list\">\n<li>un album de jeunesse :&nbsp;<em>Dear Zoo, Pete the cat &#8230;.\u00e0 lire et \u00e0 chanter<\/em><\/li>\n\n\n\n<li>l&#8217;actualit\u00e9 :&nbsp;les jeux Olympiques<\/li>\n\n\n\n<li>un jeu de r\u00f4le:&nbsp;Spy games&nbsp;<em>( des accessoires aux dialogues, devenez des espions)<\/em><\/li>\n\n\n\n<li>les saisons:&nbsp;Pirates, Christmas time<\/li>\n\n\n\n<li>un \u00e9l\u00e9ment culturel:&nbsp;Thanksgiving, London visit,&nbsp;<\/li>\n\n\n\n<li>une coutume :&nbsp;tea time et ateliers cuisine<\/li>\n<\/ul>\n\n\n\n<p>Les projets sont co-\u00e9crits, quel sera le v\u00f4tre?<\/p>\n\n\n\n<p><strong>Interventions dans les lieux suivants :&nbsp;<\/strong><\/p>\n\n\n\n<p><strong>Temps p\u00e9riscolaires de Mesnil en Ouche<\/strong><\/p>\n\n\n\n<p><strong>Ludoth\u00e8que de Mesnil en Ouche<\/strong><\/p>\n\n\n\n<p><strong>M\u00e9diath\u00e8que de Rugles, St S\u00e9bastien de Morsent<\/strong><\/p>\n\n\n\n<p><strong>Ecoles: St Germain la Campagne, Beaumont le Roger&nbsp;<\/strong><\/p>\n\n\n\n<p><\/p>\n","protected":false},"excerpt":{"rendered":"<p>M\u00e9diation culturelle autour des spectacles V\u00e9ronique propose des activit\u00e9s de m\u00e9diation culturelle en lien avec ses spectacles en anglais. Ces ateliers interactifs s\u2019adressent aux structures \u00e9ducatives, m\u00e9diath\u00e8ques, \u00e9coles et centres&hellip;<\/p>\n","protected":false},"author":1,"featured_media":0,"parent":0,"menu_order":0,"comment_status":"closed","ping_status":"closed","template":"","meta":{"footnotes":""},"class_list":["post-13","page","type-page","status-publish","hentry"],"_links":{"self":[{"href":"https:\/\/inenglishpleaseveronique.com\/index.php?rest_route=\/wp\/v2\/pages\/13","targetHints":{"allow":["GET"]}}],"collection":[{"href":"https:\/\/inenglishpleaseveronique.com\/index.php?rest_route=\/wp\/v2\/pages"}],"about":[{"href":"https:\/\/inenglishpleaseveronique.com\/index.php?rest_route=\/wp\/v2\/types\/page"}],"author":[{"embeddable":true,"href":"https:\/\/inenglishpleaseveronique.com\/index.php?rest_route=\/wp\/v2\/users\/1"}],"replies":[{"embeddable":true,"href":"https:\/\/inenglishpleaseveronique.com\/index.php?rest_route=%2Fwp%2Fv2%2Fcomments&post=13"}],"version-history":[{"count":3,"href":"https:\/\/inenglishpleaseveronique.com\/index.php?rest_route=\/wp\/v2\/pages\/13\/revisions"}],"predecessor-version":[{"id":91,"href":"https:\/\/inenglishpleaseveronique.com\/index.php?rest_route=\/wp\/v2\/pages\/13\/revisions\/91"}],"wp:attachment":[{"href":"https:\/\/inenglishpleaseveronique.com\/index.php?rest_route=%2Fwp%2Fv2%2Fmedia&parent=13"}],"curies":[{"name":"wp","href":"https:\/\/api.w.org\/{rel}","templated":true}]}}