{"id":14,"date":"2026-03-29T15:31:19","date_gmt":"2026-03-29T15:31:19","guid":{"rendered":"http:\/\/inenglishpleaseveronique.com\/?page_id=14"},"modified":"2026-03-29T19:37:30","modified_gmt":"2026-03-29T19:37:30","slug":"a-propos","status":"publish","type":"page","link":"https:\/\/inenglishpleaseveronique.com\/?page_id=14","title":{"rendered":"A propos"},"content":{"rendered":"\n<figure class=\"wp-block-image size-full is-resized is-style-rounded\"><img loading=\"lazy\" decoding=\"async\" width=\"720\" height=\"960\" src=\"http:\/\/inenglishpleaseveronique.com\/wp-content\/uploads\/2026\/03\/FB_IMG_1719090762555.jpg\" alt=\"\" class=\"wp-image-99\" style=\"width:250px\" srcset=\"https:\/\/inenglishpleaseveronique.com\/wp-content\/uploads\/2026\/03\/FB_IMG_1719090762555.jpg 720w, https:\/\/inenglishpleaseveronique.com\/wp-content\/uploads\/2026\/03\/FB_IMG_1719090762555-225x300.jpg 225w\" sizes=\"auto, (max-width: 720px) 100vw, 720px\" \/><\/figure>\n\n\n\n<h1 class=\"wp-block-heading\">V\u00e9ronique Huet Bonnaudet<\/h1>\n\n\n\n<h2 class=\"wp-block-heading\">Com\u00e9dienne- Musicienne<\/h2>\n\n\n\n<p>Dynamique, cr\u00e9ative et ayant le sens du contact, j\u2019ai la passion de transmettre des<br>connaissances, des exp\u00e9riences de fa\u00e7ons ludo\u00e9ducatives et th\u00e9\u00e2tralis\u00e9es<\/p>\n\n\n\n<h2 class=\"wp-block-heading\">Exp\u00e9rience<\/h2>\n\n\n\n<p>Au programme pour <strong>2026<\/strong><\/p>\n\n\n\n<p>Com\u00e9dienne et chanteuse du spectacle<strong>\u00a0My Melody\u00a0<\/strong>et maintenant <strong>de\u00a0Fly Butterfly\u00a0<\/strong>avec Pierre L\u00e9collier de Ziczen<\/p>\n\n\n\n<p>M\u00e9diations culturelles en lien avec le spectacle Fly Butterfly&nbsp;CTEJ de l&#8217;Interco Normandie SudEure<\/p>\n\n\n\n<p>ADAGE (Education Nationale) Spectacles dans l&#8217;Eure et la Manche<\/p>\n\n\n\n<p>Baby English et Ateliers th\u00e9\u00e2tralis\u00e9s en anglais (Verneuil sur avre, St S\u00e9bastien de Morsent&#8230;)<\/p>\n\n\n\n<p>2024 Cr\u00e9ation de Fly Butterfly. R\u00e9sidence au Silo Verneuil sur avre en f\u00e9vrier 2025, R\u00e9sidence au Labo Victor Hugo en novembre 2025.<\/p>\n\n\n\n<p>2020 Cr\u00e9ation du spectacle My Melody<\/p>\n\n\n\n<p>\u200b<strong>2018<\/strong>&nbsp;Projet Jules Verne, une ann\u00e9e scolaire \u00e0&nbsp;<strong>Columbus Ohio<\/strong>&nbsp;en famille.&nbsp; Echange poste \u00e0 poste pour mon mari, professeur au lyc\u00e9e Fresnel de Bernay avec une coll\u00e8gue am\u00e9ricaine.<\/p>\n\n\n\n<p><strong>Depuis 2015<\/strong>&nbsp; cr\u00e9ation de l&#8217;entreprise&nbsp;<strong><em>In English, Please!<\/em><\/strong><\/p>\n\n\n\n<p>Ateliers p\u00e9riscolaires \u00e0 Mesnil en Ouche, Beaumont le Roger<\/p>\n\n\n\n<p>Cours collectifs en MJC.&nbsp; Ateliers Baby English Relais assistantes maternelles de Rugles, Breteuil, Mesnil en Ouche, Orbec, Verneuil sur avre. Interventions th\u00e9\u00e2tralis\u00e9es en M\u00e9diath\u00e8ques.<\/p>\n\n\n\n<p><strong>2012-2015<\/strong><\/p>\n\n\n\n<p><strong>Animatrice polyvalente<\/strong>&nbsp;\u00e0 l&#8217;association 1001 L\u00e9gumes, Beaumesnil (27)<\/p>\n\n\n\n<p>Co-organisation des \u00e9v\u00e8nements, suivi des partenariats, relations avec le public et les b\u00e9n\u00e9voles. Ateliers tout public<\/p>\n\n\n\n<p><strong>2013<\/strong><\/p>\n\n\n\n<p>Cr\u00e9ation d&#8217;une&nbsp;<strong>association<\/strong>&nbsp;The English Factory pour promouvoir la langue anglaise. Secr\u00e9taire de l&#8217;association.<\/p>\n\n\n\n<p>Animation d&#8217;ateliers ludiques en langue anglaise pour enfants (7-9 ans) et soir\u00e9e \u00e0 th\u00e8mes pour adultes.&nbsp;<\/p>\n\n\n\n<p><strong>2001-2012 Professeur des \u00e9coles.<\/strong><\/p>\n\n\n\n<p><strong>2001&nbsp;<\/strong>Intervenante ext\u00e9rieure en anglais dans les \u00e9coles.<\/p>\n\n\n\n<p><strong>2000<\/strong> Licence en litt\u00e9rature et langue anglaise \u00e0 l&#8217;Universit\u00e9 de Rouen<\/p>\n\n\n\n<p><strong>1999<\/strong> &nbsp; BAFA<\/p>\n\n\n\n<h2 class=\"wp-block-heading\">Comp\u00e9tences\/ Skills<\/h2>\n\n\n\n<ul class=\"wp-block-list\">\n<li>Niveau anglais C2<\/li>\n\n\n\n<li>Cr\u00e9ativit\u00e9<\/li>\n\n\n\n<li>Adaptabilit\u00e9<\/li>\n\n\n\n<li>Identification des objectifs<br>Conduite de projets et<br>\u00e9valuation<\/li>\n\n\n\n<li>Principes de la p\u00e9dagogie<br>interculturelle<\/li>\n\n\n\n<li>D\u00e9veloppement Durable<\/li>\n\n\n\n<li>Com\u00e9dienne, Chanteuse, fl\u00fbtiste et<br>harmoniciste<\/li>\n<\/ul>\n\n\n\n<h2 class=\"wp-block-heading\">Partenariats<\/h2>\n\n\n\n<p>Ziczen : Pierre L\u00e9collier <br>Walnut Tea : duo de reprises avec pianiste<br>Burning Soul : Rythm and blues 60&#8217;s<br>Membre de l&#8217;Association The English Factory<\/p>\n\n\n\n<figure class=\"wp-block-gallery has-nested-images columns-default is-cropped wp-block-gallery-1 is-layout-flex wp-block-gallery-is-layout-flex\">\n<figure class=\"wp-block-image size-large\"><img loading=\"lazy\" decoding=\"async\" width=\"826\" height=\"826\" data-id=\"60\" src=\"http:\/\/inenglishpleaseveronique.com\/wp-content\/uploads\/2026\/03\/projet-CTEJ-reveil.png\" alt=\"\" class=\"wp-image-60\" srcset=\"https:\/\/inenglishpleaseveronique.com\/wp-content\/uploads\/2026\/03\/projet-CTEJ-reveil.png 826w, https:\/\/inenglishpleaseveronique.com\/wp-content\/uploads\/2026\/03\/projet-CTEJ-reveil-300x300.png 300w, https:\/\/inenglishpleaseveronique.com\/wp-content\/uploads\/2026\/03\/projet-CTEJ-reveil-150x150.png 150w, https:\/\/inenglishpleaseveronique.com\/wp-content\/uploads\/2026\/03\/projet-CTEJ-reveil-768x768.png 768w\" sizes=\"auto, (max-width: 826px) 100vw, 826px\" \/><\/figure>\n\n\n\n<figure class=\"wp-block-image size-large\"><img loading=\"lazy\" decoding=\"async\" width=\"461\" height=\"1024\" data-id=\"36\" src=\"http:\/\/inenglishpleaseveronique.com\/wp-content\/uploads\/2026\/03\/IMG_20230913_114208-461x1024.jpg\" alt=\"\" class=\"wp-image-36\" srcset=\"https:\/\/inenglishpleaseveronique.com\/wp-content\/uploads\/2026\/03\/IMG_20230913_114208-461x1024.jpg 461w, https:\/\/inenglishpleaseveronique.com\/wp-content\/uploads\/2026\/03\/IMG_20230913_114208-135x300.jpg 135w, https:\/\/inenglishpleaseveronique.com\/wp-content\/uploads\/2026\/03\/IMG_20230913_114208-768x1707.jpg 768w, https:\/\/inenglishpleaseveronique.com\/wp-content\/uploads\/2026\/03\/IMG_20230913_114208-691x1536.jpg 691w, https:\/\/inenglishpleaseveronique.com\/wp-content\/uploads\/2026\/03\/IMG_20230913_114208-922x2048.jpg 922w, https:\/\/inenglishpleaseveronique.com\/wp-content\/uploads\/2026\/03\/IMG_20230913_114208-scaled.jpg 1152w\" sizes=\"auto, (max-width: 461px) 100vw, 461px\" \/><\/figure>\n\n\n\n<figure class=\"wp-block-image size-large\"><img loading=\"lazy\" decoding=\"async\" width=\"768\" height=\"1024\" data-id=\"52\" src=\"http:\/\/inenglishpleaseveronique.com\/wp-content\/uploads\/2026\/03\/IMG_20211207_091941-768x1024.jpg\" alt=\"\" class=\"wp-image-52\" srcset=\"https:\/\/inenglishpleaseveronique.com\/wp-content\/uploads\/2026\/03\/IMG_20211207_091941-768x1024.jpg 768w, https:\/\/inenglishpleaseveronique.com\/wp-content\/uploads\/2026\/03\/IMG_20211207_091941-225x300.jpg 225w, https:\/\/inenglishpleaseveronique.com\/wp-content\/uploads\/2026\/03\/IMG_20211207_091941-1152x1536.jpg 1152w, https:\/\/inenglishpleaseveronique.com\/wp-content\/uploads\/2026\/03\/IMG_20211207_091941-1536x2048.jpg 1536w, https:\/\/inenglishpleaseveronique.com\/wp-content\/uploads\/2026\/03\/IMG_20211207_091941-scaled.jpg 1920w\" sizes=\"auto, (max-width: 768px) 100vw, 768px\" \/><\/figure>\n\n\n\n<figure class=\"wp-block-image size-large\"><img loading=\"lazy\" decoding=\"async\" width=\"776\" height=\"441\" data-id=\"87\" src=\"http:\/\/inenglishpleaseveronique.com\/wp-content\/uploads\/2026\/03\/Capture-decran-2026-03-13-163733.jpg\" alt=\"\" class=\"wp-image-87\" srcset=\"https:\/\/inenglishpleaseveronique.com\/wp-content\/uploads\/2026\/03\/Capture-decran-2026-03-13-163733.jpg 776w, https:\/\/inenglishpleaseveronique.com\/wp-content\/uploads\/2026\/03\/Capture-decran-2026-03-13-163733-300x170.jpg 300w, https:\/\/inenglishpleaseveronique.com\/wp-content\/uploads\/2026\/03\/Capture-decran-2026-03-13-163733-768x436.jpg 768w\" sizes=\"auto, (max-width: 776px) 100vw, 776px\" \/><\/figure>\n\n\n\n<figure class=\"wp-block-image size-large\"><img loading=\"lazy\" decoding=\"async\" width=\"1024\" height=\"682\" data-id=\"93\" src=\"http:\/\/inenglishpleaseveronique.com\/wp-content\/uploads\/2026\/03\/FB_IMG_1752266012778-1024x682.jpg\" alt=\"\" class=\"wp-image-93\" srcset=\"https:\/\/inenglishpleaseveronique.com\/wp-content\/uploads\/2026\/03\/FB_IMG_1752266012778-1024x682.jpg 1024w, https:\/\/inenglishpleaseveronique.com\/wp-content\/uploads\/2026\/03\/FB_IMG_1752266012778-300x200.jpg 300w, https:\/\/inenglishpleaseveronique.com\/wp-content\/uploads\/2026\/03\/FB_IMG_1752266012778-768x511.jpg 768w, https:\/\/inenglishpleaseveronique.com\/wp-content\/uploads\/2026\/03\/FB_IMG_1752266012778-1536x1022.jpg 1536w, https:\/\/inenglishpleaseveronique.com\/wp-content\/uploads\/2026\/03\/FB_IMG_1752266012778.jpg 2048w\" sizes=\"auto, (max-width: 1024px) 100vw, 1024px\" \/><\/figure>\n\n\n\n<figure class=\"wp-block-image size-large\"><img loading=\"lazy\" decoding=\"async\" width=\"1024\" height=\"610\" data-id=\"94\" src=\"http:\/\/inenglishpleaseveronique.com\/wp-content\/uploads\/2026\/03\/juillet-25-1024x610.jpg\" alt=\"\" class=\"wp-image-94\" srcset=\"https:\/\/inenglishpleaseveronique.com\/wp-content\/uploads\/2026\/03\/juillet-25-1024x610.jpg 1024w, https:\/\/inenglishpleaseveronique.com\/wp-content\/uploads\/2026\/03\/juillet-25-300x179.jpg 300w, https:\/\/inenglishpleaseveronique.com\/wp-content\/uploads\/2026\/03\/juillet-25-768x457.jpg 768w, https:\/\/inenglishpleaseveronique.com\/wp-content\/uploads\/2026\/03\/juillet-25-1536x914.jpg 1536w, https:\/\/inenglishpleaseveronique.com\/wp-content\/uploads\/2026\/03\/juillet-25.jpg 1643w\" sizes=\"auto, (max-width: 1024px) 100vw, 1024px\" \/><\/figure>\n\n\n\n<figure class=\"wp-block-image size-large\"><img loading=\"lazy\" decoding=\"async\" width=\"1024\" height=\"721\" data-id=\"95\" src=\"http:\/\/inenglishpleaseveronique.com\/wp-content\/uploads\/2026\/03\/Photo-Burning-Soul-1024x721.jpeg\" alt=\"\" class=\"wp-image-95\" srcset=\"https:\/\/inenglishpleaseveronique.com\/wp-content\/uploads\/2026\/03\/Photo-Burning-Soul-1024x721.jpeg 1024w, https:\/\/inenglishpleaseveronique.com\/wp-content\/uploads\/2026\/03\/Photo-Burning-Soul-300x211.jpeg 300w, https:\/\/inenglishpleaseveronique.com\/wp-content\/uploads\/2026\/03\/Photo-Burning-Soul-768x541.jpeg 768w, https:\/\/inenglishpleaseveronique.com\/wp-content\/uploads\/2026\/03\/Photo-Burning-Soul.jpeg 1105w\" sizes=\"auto, (max-width: 1024px) 100vw, 1024px\" \/><\/figure>\n\n\n\n<figure class=\"wp-block-image size-large\"><img loading=\"lazy\" decoding=\"async\" width=\"1024\" height=\"770\" data-id=\"96\" src=\"http:\/\/inenglishpleaseveronique.com\/wp-content\/uploads\/2026\/03\/triplettes-1024x770.jpeg\" alt=\"\" class=\"wp-image-96\" srcset=\"https:\/\/inenglishpleaseveronique.com\/wp-content\/uploads\/2026\/03\/triplettes-1024x770.jpeg 1024w, https:\/\/inenglishpleaseveronique.com\/wp-content\/uploads\/2026\/03\/triplettes-300x225.jpeg 300w, https:\/\/inenglishpleaseveronique.com\/wp-content\/uploads\/2026\/03\/triplettes-768x577.jpeg 768w, https:\/\/inenglishpleaseveronique.com\/wp-content\/uploads\/2026\/03\/triplettes-1536x1154.jpeg 1536w, https:\/\/inenglishpleaseveronique.com\/wp-content\/uploads\/2026\/03\/triplettes.jpeg 2048w\" sizes=\"auto, (max-width: 1024px) 100vw, 1024px\" \/><\/figure>\n\n\n\n<figure class=\"wp-block-image size-large\"><img loading=\"lazy\" decoding=\"async\" width=\"960\" height=\"720\" data-id=\"97\" src=\"http:\/\/inenglishpleaseveronique.com\/wp-content\/uploads\/2026\/03\/triplettes.jpg\" alt=\"\" class=\"wp-image-97\" srcset=\"https:\/\/inenglishpleaseveronique.com\/wp-content\/uploads\/2026\/03\/triplettes.jpg 960w, https:\/\/inenglishpleaseveronique.com\/wp-content\/uploads\/2026\/03\/triplettes-300x225.jpg 300w, https:\/\/inenglishpleaseveronique.com\/wp-content\/uploads\/2026\/03\/triplettes-768x576.jpg 768w\" sizes=\"auto, (max-width: 960px) 100vw, 960px\" \/><\/figure>\n\n\n\n<figure class=\"wp-block-image size-large\"><img loading=\"lazy\" decoding=\"async\" width=\"724\" height=\"1024\" data-id=\"98\" src=\"http:\/\/inenglishpleaseveronique.com\/wp-content\/uploads\/2026\/03\/Affiche-lecture-musicale-724x1024.jpg\" alt=\"\" class=\"wp-image-98\" srcset=\"https:\/\/inenglishpleaseveronique.com\/wp-content\/uploads\/2026\/03\/Affiche-lecture-musicale-724x1024.jpg 724w, https:\/\/inenglishpleaseveronique.com\/wp-content\/uploads\/2026\/03\/Affiche-lecture-musicale-212x300.jpg 212w, https:\/\/inenglishpleaseveronique.com\/wp-content\/uploads\/2026\/03\/Affiche-lecture-musicale-768x1086.jpg 768w, https:\/\/inenglishpleaseveronique.com\/wp-content\/uploads\/2026\/03\/Affiche-lecture-musicale-1086x1536.jpg 1086w, https:\/\/inenglishpleaseveronique.com\/wp-content\/uploads\/2026\/03\/Affiche-lecture-musicale-1448x2048.jpg 1448w, https:\/\/inenglishpleaseveronique.com\/wp-content\/uploads\/2026\/03\/Affiche-lecture-musicale.jpg 1587w\" sizes=\"auto, (max-width: 724px) 100vw, 724px\" \/><\/figure>\n\n\n\n<figure class=\"wp-block-image size-large\"><img loading=\"lazy\" decoding=\"async\" width=\"720\" height=\"480\" data-id=\"53\" src=\"http:\/\/inenglishpleaseveronique.com\/wp-content\/uploads\/2026\/03\/la-tete-dans-la-lune.jpg\" alt=\"\" class=\"wp-image-53\" srcset=\"https:\/\/inenglishpleaseveronique.com\/wp-content\/uploads\/2026\/03\/la-tete-dans-la-lune.jpg 720w, https:\/\/inenglishpleaseveronique.com\/wp-content\/uploads\/2026\/03\/la-tete-dans-la-lune-300x200.jpg 300w\" sizes=\"auto, (max-width: 720px) 100vw, 720px\" \/><\/figure>\n\n\n\n<figure class=\"wp-block-image size-large\"><img loading=\"lazy\" decoding=\"async\" width=\"1024\" height=\"683\" data-id=\"47\" src=\"http:\/\/inenglishpleaseveronique.com\/wp-content\/uploads\/2026\/03\/365170844_592453603051904_8840878348994242933_n-1024x683.jpg\" alt=\"\" class=\"wp-image-47\" srcset=\"https:\/\/inenglishpleaseveronique.com\/wp-content\/uploads\/2026\/03\/365170844_592453603051904_8840878348994242933_n-1024x683.jpg 1024w, https:\/\/inenglishpleaseveronique.com\/wp-content\/uploads\/2026\/03\/365170844_592453603051904_8840878348994242933_n-300x200.jpg 300w, https:\/\/inenglishpleaseveronique.com\/wp-content\/uploads\/2026\/03\/365170844_592453603051904_8840878348994242933_n-768x512.jpg 768w, https:\/\/inenglishpleaseveronique.com\/wp-content\/uploads\/2026\/03\/365170844_592453603051904_8840878348994242933_n-1536x1024.jpg 1536w, https:\/\/inenglishpleaseveronique.com\/wp-content\/uploads\/2026\/03\/365170844_592453603051904_8840878348994242933_n.jpg 2048w\" sizes=\"auto, (max-width: 1024px) 100vw, 1024px\" \/><\/figure>\n<\/figure>\n","protected":false},"excerpt":{"rendered":"<p>V\u00e9ronique Huet Bonnaudet Com\u00e9dienne- Musicienne Dynamique, cr\u00e9ative et ayant le sens du contact, j\u2019ai la passion de transmettre desconnaissances, des exp\u00e9riences de fa\u00e7ons ludo\u00e9ducatives et th\u00e9\u00e2tralis\u00e9es Exp\u00e9rience Au programme pour&hellip;<\/p>\n","protected":false},"author":1,"featured_media":0,"parent":0,"menu_order":0,"comment_status":"closed","ping_status":"closed","template":"","meta":{"footnotes":""},"class_list":["post-14","page","type-page","status-publish","hentry"],"_links":{"self":[{"href":"https:\/\/inenglishpleaseveronique.com\/index.php?rest_route=\/wp\/v2\/pages\/14","targetHints":{"allow":["GET"]}}],"collection":[{"href":"https:\/\/inenglishpleaseveronique.com\/index.php?rest_route=\/wp\/v2\/pages"}],"about":[{"href":"https:\/\/inenglishpleaseveronique.com\/index.php?rest_route=\/wp\/v2\/types\/page"}],"author":[{"embeddable":true,"href":"https:\/\/inenglishpleaseveronique.com\/index.php?rest_route=\/wp\/v2\/users\/1"}],"replies":[{"embeddable":true,"href":"https:\/\/inenglishpleaseveronique.com\/index.php?rest_route=%2Fwp%2Fv2%2Fcomments&post=14"}],"version-history":[{"count":3,"href":"https:\/\/inenglishpleaseveronique.com\/index.php?rest_route=\/wp\/v2\/pages\/14\/revisions"}],"predecessor-version":[{"id":100,"href":"https:\/\/inenglishpleaseveronique.com\/index.php?rest_route=\/wp\/v2\/pages\/14\/revisions\/100"}],"wp:attachment":[{"href":"https:\/\/inenglishpleaseveronique.com\/index.php?rest_route=%2Fwp%2Fv2%2Fmedia&parent=14"}],"curies":[{"name":"wp","href":"https:\/\/api.w.org\/{rel}","templated":true}]}}