{"id":8,"date":"2026-03-29T15:31:19","date_gmt":"2026-03-29T15:31:19","guid":{"rendered":"http:\/\/inenglishpleaseveronique.com\/?page_id=8"},"modified":"2026-03-30T08:47:03","modified_gmt":"2026-03-30T08:47:03","slug":"accueil","status":"publish","type":"page","link":"https:\/\/inenglishpleaseveronique.com\/","title":{"rendered":"Accueil"},"content":{"rendered":"\n<figure class=\"wp-block-image size-large\"><img loading=\"lazy\" decoding=\"async\" width=\"1024\" height=\"585\" src=\"http:\/\/inenglishpleaseveronique.com\/wp-content\/uploads\/2026\/03\/Design-sans-titre-1024x585.jpg\" alt=\"\" class=\"wp-image-35\" srcset=\"https:\/\/inenglishpleaseveronique.com\/wp-content\/uploads\/2026\/03\/Design-sans-titre-1024x585.jpg 1024w, https:\/\/inenglishpleaseveronique.com\/wp-content\/uploads\/2026\/03\/Design-sans-titre-300x171.jpg 300w, https:\/\/inenglishpleaseveronique.com\/wp-content\/uploads\/2026\/03\/Design-sans-titre-768x439.jpg 768w, https:\/\/inenglishpleaseveronique.com\/wp-content\/uploads\/2026\/03\/Design-sans-titre.jpg 1050w\" sizes=\"auto, (max-width: 1024px) 100vw, 1024px\" \/><\/figure>\n\n\n\n<h2 class=\"wp-block-heading\">Spectacles musicaux en anglais<\/h2>\n\n\n\n<p>Bienvenue dans l\u2019univers de <strong>V\u00e9ronique Huet Bonnaudet<\/strong>, com\u00e9dienne et musicienne passionn\u00e9e par la musique, le th\u00e9\u00e2tre et l\u2019\u00e9veil \u00e0 la langue anglaise pour les enfants. \u00c0 travers ses cr\u00e9ations uniques, elle propose des spectacles interactifs et des actions de m\u00e9diation culturelle destin\u00e9s aux cr\u00e8ches, \u00e9coles, m\u00e9diath\u00e8ques et structures culturelles.<\/p>\n\n\n\n<p>In English Please est une approche innovante pour sensibiliser les enfants \u00e0 l\u2019anglais \u00e0 travers des exp\u00e9riences artistiques joyeuses, musicales et participatives. Chaque cr\u00e9ation allie chant, jeu, humour et rythmes vari\u00e9s pour faire d\u00e9couvrir la langue anglaise de fa\u00e7on ludique et immersive. Que ce soit dans une \u00e9cole, une m\u00e9diath\u00e8que ou un festival jeune public, ces spectacles cr\u00e9ent des moments inoubliables pour les enfants comme pour les adultes.<\/p>\n\n\n\n<figure class=\"wp-block-gallery has-nested-images columns-default is-cropped wp-block-gallery-1 is-layout-flex wp-block-gallery-is-layout-flex\">\n<figure class=\"wp-block-image size-full\"><img loading=\"lazy\" decoding=\"async\" width=\"768\" height=\"645\" data-id=\"114\" src=\"http:\/\/inenglishpleaseveronique.com\/wp-content\/uploads\/2026\/03\/My-Melody-flyer-1.jpg\" alt=\"\" class=\"wp-image-114\" srcset=\"https:\/\/inenglishpleaseveronique.com\/wp-content\/uploads\/2026\/03\/My-Melody-flyer-1.jpg 768w, https:\/\/inenglishpleaseveronique.com\/wp-content\/uploads\/2026\/03\/My-Melody-flyer-1-300x252.jpg 300w\" sizes=\"auto, (max-width: 768px) 100vw, 768px\" \/><\/figure>\n\n\n\n<figure class=\"wp-block-image size-large\"><img loading=\"lazy\" decoding=\"async\" width=\"742\" height=\"1024\" data-id=\"74\" src=\"http:\/\/inenglishpleaseveronique.com\/wp-content\/uploads\/2026\/03\/recto-flyer-A5-web-742x1024.jpg\" alt=\"\" class=\"wp-image-74\" srcset=\"https:\/\/inenglishpleaseveronique.com\/wp-content\/uploads\/2026\/03\/recto-flyer-A5-web-742x1024.jpg 742w, https:\/\/inenglishpleaseveronique.com\/wp-content\/uploads\/2026\/03\/recto-flyer-A5-web-217x300.jpg 217w, https:\/\/inenglishpleaseveronique.com\/wp-content\/uploads\/2026\/03\/recto-flyer-A5-web-768x1060.jpg 768w, https:\/\/inenglishpleaseveronique.com\/wp-content\/uploads\/2026\/03\/recto-flyer-A5-web.jpg 856w\" sizes=\"auto, (max-width: 742px) 100vw, 742px\" \/><\/figure>\n\n\n\n<figure class=\"wp-block-image size-full\"><img loading=\"lazy\" decoding=\"async\" width=\"736\" height=\"1000\" data-id=\"108\" src=\"http:\/\/inenglishpleaseveronique.com\/wp-content\/uploads\/2026\/03\/571158289_10231449316237858_5712024806131272231_n.jpg\" alt=\"\" class=\"wp-image-108\" srcset=\"https:\/\/inenglishpleaseveronique.com\/wp-content\/uploads\/2026\/03\/571158289_10231449316237858_5712024806131272231_n.jpg 736w, https:\/\/inenglishpleaseveronique.com\/wp-content\/uploads\/2026\/03\/571158289_10231449316237858_5712024806131272231_n-221x300.jpg 221w\" sizes=\"auto, (max-width: 736px) 100vw, 736px\" \/><\/figure>\n<\/figure>\n\n\n\n<div class=\"wp-block-buttons is-layout-flex wp-block-buttons-is-layout-flex\">\n<div class=\"wp-block-button\"><a class=\"wp-block-button__link wp-element-button\" href=\"https:\/\/www.instagram.com\/veroniquebonnaudet\/\">Instagram<\/a><\/div>\n\n\n\n<div class=\"wp-block-button\"><a class=\"wp-block-button__link wp-element-button\" href=\"https:\/\/www.facebook.com\/inenglishpleaseveronique\/\">Facebook<\/a><\/div>\n<\/div>\n\n\n\n<h2 class=\"wp-block-heading has-light-green-cyan-background-color has-background has-x-large-font-size\">inenglishplease.veronique@gmail.com<\/h2>\n\n\n\n<h2 class=\"wp-block-heading has-vivid-red-background-color has-background has-x-large-font-size\">06 71 82 42 38<\/h2>\n\n\n\n<p><\/p>\n","protected":false},"excerpt":{"rendered":"<p>Spectacles musicaux en anglais Bienvenue dans l\u2019univers de V\u00e9ronique Huet Bonnaudet, com\u00e9dienne et musicienne passionn\u00e9e par la musique, le th\u00e9\u00e2tre et l\u2019\u00e9veil \u00e0 la langue anglaise pour les enfants. \u00c0&hellip;<\/p>\n","protected":false},"author":1,"featured_media":0,"parent":0,"menu_order":0,"comment_status":"closed","ping_status":"closed","template":"","meta":{"footnotes":""},"class_list":["post-8","page","type-page","status-publish","hentry"],"_links":{"self":[{"href":"https:\/\/inenglishpleaseveronique.com\/index.php?rest_route=\/wp\/v2\/pages\/8","targetHints":{"allow":["GET"]}}],"collection":[{"href":"https:\/\/inenglishpleaseveronique.com\/index.php?rest_route=\/wp\/v2\/pages"}],"about":[{"href":"https:\/\/inenglishpleaseveronique.com\/index.php?rest_route=\/wp\/v2\/types\/page"}],"author":[{"embeddable":true,"href":"https:\/\/inenglishpleaseveronique.com\/index.php?rest_route=\/wp\/v2\/users\/1"}],"replies":[{"embeddable":true,"href":"https:\/\/inenglishpleaseveronique.com\/index.php?rest_route=%2Fwp%2Fv2%2Fcomments&post=8"}],"version-history":[{"count":6,"href":"https:\/\/inenglishpleaseveronique.com\/index.php?rest_route=\/wp\/v2\/pages\/8\/revisions"}],"predecessor-version":[{"id":115,"href":"https:\/\/inenglishpleaseveronique.com\/index.php?rest_route=\/wp\/v2\/pages\/8\/revisions\/115"}],"wp:attachment":[{"href":"https:\/\/inenglishpleaseveronique.com\/index.php?rest_route=%2Fwp%2Fv2%2Fmedia&parent=8"}],"curies":[{"name":"wp","href":"https:\/\/api.w.org\/{rel}","templated":true}]}}