{"id":9,"date":"2026-03-29T15:31:19","date_gmt":"2026-03-29T15:31:19","guid":{"rendered":"http:\/\/inenglishpleaseveronique.com\/?page_id=9"},"modified":"2026-03-29T18:39:36","modified_gmt":"2026-03-29T18:39:36","slug":"spectacles-en-anglais","status":"publish","type":"page","link":"https:\/\/inenglishpleaseveronique.com\/?page_id=9","title":{"rendered":"Spectacles en anglais"},"content":{"rendered":"\n<p>D\u00e9couvrez les cr\u00e9ations originales de V\u00e9ronique Huet Bonnaudet, sp\u00e9cialement con\u00e7ues pour les enfants de 18 mois \u00e0 10 ans. Chaque spectacle musical en anglais est une aventure interactive qui invite les enfants \u00e0 chanter, bouger et participer activement. Ces productions sont adapt\u00e9es aux \u00e9tablissements scolaires, aux m\u00e9diath\u00e8ques, aux centres culturels et aux festivals jeune public.<\/p>\n\n\n\n<h2 class=\"wp-block-heading\">Liste des spectacles<\/h2>\n\n\n\n<ul class=\"wp-block-list\">\n<li><strong><a href=\"http:\/\/inenglishpleaseveronique.com\/mymelody\" data-type=\"page\" data-id=\"10\">My Melody<\/a><\/strong> \u2013 Spectacle musical interactif en anglais<\/li>\n\n\n\n<li><strong><a href=\"http:\/\/inenglishpleaseveronique.com\/flybutterfly\" data-type=\"page\" data-id=\"11\">Fly Butterfly<\/a><\/strong> \u2013 Cr\u00e9ation immersive Petite Enfance<\/li>\n\n\n\n<li><strong><a href=\"http:\/\/inenglishpleaseveronique.com\/mediationculturelle\" data-type=\"page\" data-id=\"13\">M\u00e9diation culturelle<\/a><\/strong> \u2013 Ateliers et activit\u00e9s en anglais &#8211; Baby English &#8211; Autre<\/li>\n<\/ul>\n\n\n\n<div class=\"wp-block-columns is-layout-flex wp-container-core-columns-is-layout-9d6595d7 wp-block-columns-is-layout-flex\">\n<div class=\"wp-block-column is-layout-flow wp-block-column-is-layout-flow\" style=\"flex-basis:100%\">\n<figure class=\"wp-block-gallery has-nested-images columns-default is-cropped wp-block-gallery-1 is-layout-flex wp-block-gallery-is-layout-flex\">\n<figure class=\"wp-block-image size-large\"><img loading=\"lazy\" decoding=\"async\" width=\"742\" height=\"1024\" data-id=\"74\" src=\"http:\/\/inenglishpleaseveronique.com\/wp-content\/uploads\/2026\/03\/recto-flyer-A5-web-742x1024.jpg\" alt=\"\" class=\"wp-image-74\" srcset=\"https:\/\/inenglishpleaseveronique.com\/wp-content\/uploads\/2026\/03\/recto-flyer-A5-web-742x1024.jpg 742w, https:\/\/inenglishpleaseveronique.com\/wp-content\/uploads\/2026\/03\/recto-flyer-A5-web-217x300.jpg 217w, https:\/\/inenglishpleaseveronique.com\/wp-content\/uploads\/2026\/03\/recto-flyer-A5-web-768x1060.jpg 768w, https:\/\/inenglishpleaseveronique.com\/wp-content\/uploads\/2026\/03\/recto-flyer-A5-web.jpg 856w\" sizes=\"auto, (max-width: 742px) 100vw, 742px\" \/><\/figure>\n\n\n\n<figure class=\"wp-block-image size-large\"><img loading=\"lazy\" decoding=\"async\" width=\"768\" height=\"768\" data-id=\"54\" src=\"http:\/\/inenglishpleaseveronique.com\/wp-content\/uploads\/2026\/03\/My-Melody-web.jpg\" alt=\"\" class=\"wp-image-54\" srcset=\"https:\/\/inenglishpleaseveronique.com\/wp-content\/uploads\/2026\/03\/My-Melody-web.jpg 768w, https:\/\/inenglishpleaseveronique.com\/wp-content\/uploads\/2026\/03\/My-Melody-web-300x300.jpg 300w, https:\/\/inenglishpleaseveronique.com\/wp-content\/uploads\/2026\/03\/My-Melody-web-150x150.jpg 150w\" sizes=\"auto, (max-width: 768px) 100vw, 768px\" \/><\/figure>\n<\/figure>\n<\/div>\n<\/div>\n","protected":false},"excerpt":{"rendered":"<p>D\u00e9couvrez les cr\u00e9ations originales de V\u00e9ronique Huet Bonnaudet, sp\u00e9cialement con\u00e7ues pour les enfants de 18 mois \u00e0 10 ans. Chaque spectacle musical en anglais est une aventure interactive qui invite&hellip;<\/p>\n","protected":false},"author":1,"featured_media":0,"parent":0,"menu_order":0,"comment_status":"closed","ping_status":"closed","template":"","meta":{"footnotes":""},"class_list":["post-9","page","type-page","status-publish","hentry"],"_links":{"self":[{"href":"https:\/\/inenglishpleaseveronique.com\/index.php?rest_route=\/wp\/v2\/pages\/9","targetHints":{"allow":["GET"]}}],"collection":[{"href":"https:\/\/inenglishpleaseveronique.com\/index.php?rest_route=\/wp\/v2\/pages"}],"about":[{"href":"https:\/\/inenglishpleaseveronique.com\/index.php?rest_route=\/wp\/v2\/types\/page"}],"author":[{"embeddable":true,"href":"https:\/\/inenglishpleaseveronique.com\/index.php?rest_route=\/wp\/v2\/users\/1"}],"replies":[{"embeddable":true,"href":"https:\/\/inenglishpleaseveronique.com\/index.php?rest_route=%2Fwp%2Fv2%2Fcomments&post=9"}],"version-history":[{"count":3,"href":"https:\/\/inenglishpleaseveronique.com\/index.php?rest_route=\/wp\/v2\/pages\/9\/revisions"}],"predecessor-version":[{"id":75,"href":"https:\/\/inenglishpleaseveronique.com\/index.php?rest_route=\/wp\/v2\/pages\/9\/revisions\/75"}],"wp:attachment":[{"href":"https:\/\/inenglishpleaseveronique.com\/index.php?rest_route=%2Fwp%2Fv2%2Fmedia&parent=9"}],"curies":[{"name":"wp","href":"https:\/\/api.w.org\/{rel}","templated":true}]}}